{"id":3,"date":"2008-02-14T09:43:45","date_gmt":"2008-02-14T08:43:45","guid":{"rendered":"http:\/\/www.svu2000.org\/deutschland\/?page_id=3"},"modified":"2023-03-08T17:17:49","modified_gmt":"2023-03-08T16:17:49","slug":"vybor","status":"publish","type":"page","link":"https:\/\/www.svu2000.org\/nemecko\/vybor\/","title":{"rendered":"V\u00fdbor skupiny"},"content":{"rendered":"<p><strong>P\u0159edseda:<\/strong><\/p>\n<p>Karel\u00a0Pokorn\u00fd<\/p>\n<p><a title=\"zv\u011bt\u0161it foto\" href=\"http:\/\/www.svu2000.org\/nemecko\/wp-content\/ja1-w490.jpg\" target=\"_blank\" rel=\"noopener\"><img decoding=\"async\" style=\"width: 150px;\" src=\"http:\/\/svu2000.org\/nemecko\/wp-content\/ja1-w490.jpg\" \/><\/a><\/p>\n<p><strong>Tisk:<\/strong><\/p>\n<p>Jitka Scholz<br \/>\n<a title=\"zv\u011bt\u0161it foto\" href=\"http:\/\/www.svu2000.org\/nemecko\/wp-content\/scholz-w490.jpg\" target=\"_blank\" rel=\"noopener\"><img decoding=\"async\" style=\"width: 150px;\" src=\"http:\/\/svu2000.org\/nemecko\/wp-content\/scholz-w490.jpg\" \/><\/a><\/p>\n<p><strong>Technick\u00e1 podpora:<\/strong><\/p>\n<p>Rostislav \u0160t\u011bp\u00e1nek<br \/>\n<a title=\"zv\u011bt\u0161it foto\" href=\"http:\/\/www.svu2000.org\/nemecko\/wp-content\/rosti1-w490.jpg\"><img decoding=\"async\" style=\"width: 150px;\" src=\"https:\/\/www.svu2000.org\/nemecko\/wp-content\/rosti1-w490.jpg\" \/><\/a><\/p>\n","protected":false},"excerpt":{"rendered":"<p>P\u0159edseda: Karel\u00a0Pokorn\u00fd Tisk: Jitka Scholz Technick\u00e1 podpora: Rostislav \u0160t\u011bp\u00e1nek<\/p>\n","protected":false},"author":9,"featured_media":0,"parent":0,"menu_order":0,"comment_status":"closed","ping_status":"closed","template":"","meta":{"footnotes":""},"class_list":["post-3","page","type-page","status-publish","hentry"],"_links":{"self":[{"href":"https:\/\/www.svu2000.org\/nemecko\/wp-json\/wp\/v2\/pages\/3","targetHints":{"allow":["GET"]}}],"collection":[{"href":"https:\/\/www.svu2000.org\/nemecko\/wp-json\/wp\/v2\/pages"}],"about":[{"href":"https:\/\/www.svu2000.org\/nemecko\/wp-json\/wp\/v2\/types\/page"}],"author":[{"embeddable":true,"href":"https:\/\/www.svu2000.org\/nemecko\/wp-json\/wp\/v2\/users\/9"}],"replies":[{"embeddable":true,"href":"https:\/\/www.svu2000.org\/nemecko\/wp-json\/wp\/v2\/comments?post=3"}],"version-history":[{"count":73,"href":"https:\/\/www.svu2000.org\/nemecko\/wp-json\/wp\/v2\/pages\/3\/revisions"}],"predecessor-version":[{"id":2223,"href":"https:\/\/www.svu2000.org\/nemecko\/wp-json\/wp\/v2\/pages\/3\/revisions\/2223"}],"wp:attachment":[{"href":"https:\/\/www.svu2000.org\/nemecko\/wp-json\/wp\/v2\/media?parent=3"}],"curies":[{"name":"wp","href":"https:\/\/api.w.org\/{rel}","templated":true}]}}