{"id":5,"date":"2008-02-14T09:44:49","date_gmt":"2008-02-14T08:44:49","guid":{"rendered":"http:\/\/www.svu2000.org\/deutschland\/?page_id=5"},"modified":"2023-03-08T17:16:13","modified_gmt":"2023-03-08T16:16:13","slug":"kontakty","status":"publish","type":"page","link":"https:\/\/www.svu2000.org\/nemecko\/kontakty\/","title":{"rendered":"Kontakty"},"content":{"rendered":"<p>\u010ceskoslovensk\u00e1 spole\u010dnost pro v\u011bdy a um\u011bn\u00ed (SVU) v N\u011bmecku e.V.<br \/>\nTschechoslowakische Gesellschaft f\u00fcr Wissenschaft und Kunst (SVU) in der BRD e.V.<\/p>\n<p>Postfach 83 09 37, 81709 M\u00fcnchen<\/p>\n<p>Tel.: +49 162 1555243 &#8211; Karel Pokorn\u00fd &#8211; p\u0159edseda SVU Mnichov<\/p>\n<p>e-mail:\u00a0kpokorny41@aol.com<\/p>\n<p>Bankovn\u00ed spojen\u00ed \/ Postbank Muenchen\/ IBAN: DE 09700100800299410803<\/p>\n<p>&nbsp;<\/p>\n","protected":false},"excerpt":{"rendered":"<p>\u010ceskoslovensk\u00e1 spole\u010dnost pro v\u011bdy a um\u011bn\u00ed (SVU) v N\u011bmecku e.V. Tschechoslowakische Gesellschaft f\u00fcr Wissenschaft und Kunst (SVU) in der BRD e.V. Postfach 83 09 37, 81709 M\u00fcnchen Tel.: +49 162 1555243 &#8211; Karel Pokorn\u00fd &#8211; p\u0159edseda SVU Mnichov e-mail:\u00a0kpokorny41@aol.com Bankovn\u00ed <a href=\"https:\/\/www.svu2000.org\/nemecko\/kontakty\/\" class=\"read-more\">Read More &#8230;<\/a><\/p>\n","protected":false},"author":1,"featured_media":0,"parent":0,"menu_order":0,"comment_status":"closed","ping_status":"closed","template":"","meta":{"footnotes":""},"class_list":["post-5","page","type-page","status-publish","hentry"],"_links":{"self":[{"href":"https:\/\/www.svu2000.org\/nemecko\/wp-json\/wp\/v2\/pages\/5","targetHints":{"allow":["GET"]}}],"collection":[{"href":"https:\/\/www.svu2000.org\/nemecko\/wp-json\/wp\/v2\/pages"}],"about":[{"href":"https:\/\/www.svu2000.org\/nemecko\/wp-json\/wp\/v2\/types\/page"}],"author":[{"embeddable":true,"href":"https:\/\/www.svu2000.org\/nemecko\/wp-json\/wp\/v2\/users\/1"}],"replies":[{"embeddable":true,"href":"https:\/\/www.svu2000.org\/nemecko\/wp-json\/wp\/v2\/comments?post=5"}],"version-history":[{"count":13,"href":"https:\/\/www.svu2000.org\/nemecko\/wp-json\/wp\/v2\/pages\/5\/revisions"}],"predecessor-version":[{"id":2222,"href":"https:\/\/www.svu2000.org\/nemecko\/wp-json\/wp\/v2\/pages\/5\/revisions\/2222"}],"wp:attachment":[{"href":"https:\/\/www.svu2000.org\/nemecko\/wp-json\/wp\/v2\/media?parent=5"}],"curies":[{"name":"wp","href":"https:\/\/api.w.org\/{rel}","templated":true}]}}